{"id":124,"date":"2018-02-16T16:10:23","date_gmt":"2018-02-16T15:10:23","guid":{"rendered":"https:\/\/www.asclassic.fr\/?page_id=124"},"modified":"2018-03-07T16:28:12","modified_gmt":"2018-03-07T15:28:12","slug":"realisations","status":"publish","type":"page","link":"https:\/\/www.asclassic.fr\/index.php\/realisations\/","title":{"rendered":"R\u00e9alisations"},"content":{"rendered":"<h1>R\u00e9alisations AS Classic Engineering<\/h1>\n<p>Retrouvez tous nos projets et nos derni\u00e8res r\u00e9alisations en mati\u00e8re de restaurations et de pr\u00e9parations.<\/p>\n<p><a href=\"https:\/\/www.asclassic.fr\/index.php\/allemande\/\">Nos Allemandes<\/a> &#8211; <a href=\"https:\/\/www.asclassic.fr\/index.php\/anglaises\/\">Nos Anglaises<\/a> &#8211; <a href=\"https:\/\/www.asclassic.fr\/index.php\/francaises\/\">Nos Fran\u00e7aises<\/a> &#8211; <a href=\"https:\/\/www.asclassic.fr\/index.php\/italiennes\/\">Nos Italiennes<\/a> &#8211; <a href=\"https:\/\/www.asclassic.fr\/index.php\/autres\/\">Les Autres<\/a><\/p>\n<p><a href=\"https:\/\/i0.wp.com\/www.asclassic.fr\/wp-content\/uploads\/2018\/02\/atelier_asclassic_1.jpg?ssl=1\"><img data-attachment-id=\"296\" data-permalink=\"https:\/\/www.asclassic.fr\/index.php\/realisations\/atelier_asclassic_1\/\" data-orig-file=\"https:\/\/i0.wp.com\/www.asclassic.fr\/wp-content\/uploads\/2018\/02\/atelier_asclassic_1.jpg?fit=1000%2C667&amp;ssl=1\" data-orig-size=\"1000,667\" data-comments-opened=\"0\" data-image-meta=\"{&quot;aperture&quot;:&quot;3.5&quot;,&quot;credit&quot;:&quot;&quot;,&quot;camera&quot;:&quot;Canon EOS 1200D&quot;,&quot;caption&quot;:&quot;&quot;,&quot;created_timestamp&quot;:&quot;1517486012&quot;,&quot;copyright&quot;:&quot;&quot;,&quot;focal_length&quot;:&quot;18&quot;,&quot;iso&quot;:&quot;250&quot;,&quot;shutter_speed&quot;:&quot;0.033333333333333&quot;,&quot;title&quot;:&quot;&quot;,&quot;orientation&quot;:&quot;1&quot;}\" data-image-title=\"atelier_asclassic_1\" data-image-description=\"\" data-image-caption=\"\" data-medium-file=\"https:\/\/i0.wp.com\/www.asclassic.fr\/wp-content\/uploads\/2018\/02\/atelier_asclassic_1.jpg?fit=300%2C200&amp;ssl=1\" data-large-file=\"https:\/\/i0.wp.com\/www.asclassic.fr\/wp-content\/uploads\/2018\/02\/atelier_asclassic_1.jpg?fit=750%2C500&amp;ssl=1\" fetchpriority=\"high\" decoding=\"async\" src=\"https:\/\/i0.wp.com\/www.asclassic.fr\/wp-content\/uploads\/2018\/02\/atelier_asclassic_1.jpg?resize=750%2C500&#038;ssl=1\" alt=\"\" width=\"750\" height=\"500\" class=\"alignnone size-full wp-image-296\" srcset=\"https:\/\/i0.wp.com\/www.asclassic.fr\/wp-content\/uploads\/2018\/02\/atelier_asclassic_1.jpg?w=1000&amp;ssl=1 1000w, https:\/\/i0.wp.com\/www.asclassic.fr\/wp-content\/uploads\/2018\/02\/atelier_asclassic_1.jpg?resize=600%2C400&amp;ssl=1 600w, https:\/\/i0.wp.com\/www.asclassic.fr\/wp-content\/uploads\/2018\/02\/atelier_asclassic_1.jpg?resize=300%2C200&amp;ssl=1 300w, https:\/\/i0.wp.com\/www.asclassic.fr\/wp-content\/uploads\/2018\/02\/atelier_asclassic_1.jpg?resize=768%2C512&amp;ssl=1 768w, https:\/\/i0.wp.com\/www.asclassic.fr\/wp-content\/uploads\/2018\/02\/atelier_asclassic_1.jpg?resize=360%2C240&amp;ssl=1 360w\" sizes=\"(max-width: 750px) 100vw, 750px\" data-recalc-dims=\"1\" \/><\/a><\/p>\n<p><a href=\"https:\/\/i0.wp.com\/www.asclassic.fr\/wp-content\/uploads\/2018\/02\/atelier_asclassic_2.jpg?ssl=1\"><img data-attachment-id=\"298\" data-permalink=\"https:\/\/www.asclassic.fr\/index.php\/realisations\/atelier_asclassic_2\/\" data-orig-file=\"https:\/\/i0.wp.com\/www.asclassic.fr\/wp-content\/uploads\/2018\/02\/atelier_asclassic_2.jpg?fit=1000%2C1500&amp;ssl=1\" data-orig-size=\"1000,1500\" data-comments-opened=\"0\" data-image-meta=\"{&quot;aperture&quot;:&quot;4.5&quot;,&quot;credit&quot;:&quot;&quot;,&quot;camera&quot;:&quot;Canon EOS 1200D&quot;,&quot;caption&quot;:&quot;&quot;,&quot;created_timestamp&quot;:&quot;1517486263&quot;,&quot;copyright&quot;:&quot;&quot;,&quot;focal_length&quot;:&quot;29&quot;,&quot;iso&quot;:&quot;1000&quot;,&quot;shutter_speed&quot;:&quot;0.025&quot;,&quot;title&quot;:&quot;&quot;,&quot;orientation&quot;:&quot;1&quot;}\" data-image-title=\"atelier_asclassic_2\" data-image-description=\"\" data-image-caption=\"\" data-medium-file=\"https:\/\/i0.wp.com\/www.asclassic.fr\/wp-content\/uploads\/2018\/02\/atelier_asclassic_2.jpg?fit=200%2C300&amp;ssl=1\" data-large-file=\"https:\/\/i0.wp.com\/www.asclassic.fr\/wp-content\/uploads\/2018\/02\/atelier_asclassic_2.jpg?fit=683%2C1024&amp;ssl=1\" decoding=\"async\" src=\"https:\/\/i0.wp.com\/www.asclassic.fr\/wp-content\/uploads\/2018\/02\/atelier_asclassic_2.jpg?resize=750%2C1125&#038;ssl=1\" alt=\"\" width=\"750\" height=\"1125\" class=\"alignnone size-full wp-image-298\" srcset=\"https:\/\/i0.wp.com\/www.asclassic.fr\/wp-content\/uploads\/2018\/02\/atelier_asclassic_2.jpg?w=1000&amp;ssl=1 1000w, https:\/\/i0.wp.com\/www.asclassic.fr\/wp-content\/uploads\/2018\/02\/atelier_asclassic_2.jpg?resize=600%2C900&amp;ssl=1 600w, https:\/\/i0.wp.com\/www.asclassic.fr\/wp-content\/uploads\/2018\/02\/atelier_asclassic_2.jpg?resize=200%2C300&amp;ssl=1 200w, https:\/\/i0.wp.com\/www.asclassic.fr\/wp-content\/uploads\/2018\/02\/atelier_asclassic_2.jpg?resize=768%2C1152&amp;ssl=1 768w, https:\/\/i0.wp.com\/www.asclassic.fr\/wp-content\/uploads\/2018\/02\/atelier_asclassic_2.jpg?resize=683%2C1024&amp;ssl=1 683w\" sizes=\"(max-width: 750px) 100vw, 750px\" data-recalc-dims=\"1\" \/><\/a><\/p>\n","protected":false},"excerpt":{"rendered":"<p>R\u00e9alisations AS Classic Engineering Retrouvez tous nos projets et nos derni\u00e8res r\u00e9alisations en mati\u00e8re de restaurations et de pr\u00e9parations. Nos Allemandes &#8211; Nos Anglaises &#8211; Nos Fran\u00e7aises &#8211; Nos Italiennes &#8211; Les Autres<\/p>\n","protected":false},"author":1,"featured_media":0,"parent":0,"menu_order":0,"comment_status":"closed","ping_status":"closed","template":"","meta":{"footnotes":""},"yoast_head":"<!-- This site is optimized with the Yoast SEO plugin v21.7 - https:\/\/yoast.com\/wordpress\/plugins\/seo\/ -->\n<title>R\u00e9alisations - AS Classic Engineering - Automobile ancienne et comp\u00e9tition<\/title>\n<meta name=\"robots\" content=\"index, follow, max-snippet:-1, max-image-preview:large, max-video-preview:-1\" \/>\n<link rel=\"canonical\" href=\"https:\/\/www.asclassic.fr\/index.php\/realisations\/\" \/>\n<meta property=\"og:locale\" content=\"fr_FR\" \/>\n<meta property=\"og:type\" content=\"article\" \/>\n<meta property=\"og:title\" content=\"R\u00e9alisations - AS Classic Engineering - Automobile ancienne et comp\u00e9tition\" \/>\n<meta property=\"og:description\" content=\"R\u00e9alisations AS Classic Engineering Retrouvez tous nos projets et nos derni\u00e8res r\u00e9alisations en mati\u00e8re de restaurations et de pr\u00e9parations. Nos Allemandes &#8211; Nos Anglaises &#8211; Nos Fran\u00e7aises &#8211; Nos Italiennes &#8211; Les Autres\" \/>\n<meta property=\"og:url\" content=\"https:\/\/www.asclassic.fr\/index.php\/realisations\/\" \/>\n<meta property=\"og:site_name\" content=\"AS Classic Engineering - Automobile ancienne et comp\u00e9tition\" \/>\n<meta property=\"article:modified_time\" content=\"2018-03-07T15:28:12+00:00\" \/>\n<meta property=\"og:image\" content=\"https:\/\/www.asclassic.fr\/wp-content\/uploads\/2018\/02\/atelier_asclassic_1.jpg\" \/>\n<meta name=\"twitter:card\" content=\"summary_large_image\" \/>\n<script type=\"application\/ld+json\" class=\"yoast-schema-graph\">{\"@context\":\"https:\/\/schema.org\",\"@graph\":[{\"@type\":\"WebPage\",\"@id\":\"https:\/\/www.asclassic.fr\/index.php\/realisations\/\",\"url\":\"https:\/\/www.asclassic.fr\/index.php\/realisations\/\",\"name\":\"R\u00e9alisations - AS Classic Engineering - Automobile ancienne et comp\u00e9tition\",\"isPartOf\":{\"@id\":\"https:\/\/www.asclassic.fr\/#website\"},\"datePublished\":\"2018-02-16T15:10:23+00:00\",\"dateModified\":\"2018-03-07T15:28:12+00:00\",\"breadcrumb\":{\"@id\":\"https:\/\/www.asclassic.fr\/index.php\/realisations\/#breadcrumb\"},\"inLanguage\":\"fr-FR\",\"potentialAction\":[{\"@type\":\"ReadAction\",\"target\":[\"https:\/\/www.asclassic.fr\/index.php\/realisations\/\"]}]},{\"@type\":\"BreadcrumbList\",\"@id\":\"https:\/\/www.asclassic.fr\/index.php\/realisations\/#breadcrumb\",\"itemListElement\":[{\"@type\":\"ListItem\",\"position\":1,\"name\":\"Accueil\",\"item\":\"https:\/\/www.asclassic.fr\/\"},{\"@type\":\"ListItem\",\"position\":2,\"name\":\"R\u00e9alisations\"}]},{\"@type\":\"WebSite\",\"@id\":\"https:\/\/www.asclassic.fr\/#website\",\"url\":\"https:\/\/www.asclassic.fr\/\",\"name\":\"AS Classic Engineering - Automobile ancienne et comp\u00e9tition\",\"description\":\"\",\"publisher\":{\"@id\":\"https:\/\/www.asclassic.fr\/#organization\"},\"potentialAction\":[{\"@type\":\"SearchAction\",\"target\":{\"@type\":\"EntryPoint\",\"urlTemplate\":\"https:\/\/www.asclassic.fr\/?s={search_term_string}\"},\"query-input\":\"required name=search_term_string\"}],\"inLanguage\":\"fr-FR\"},{\"@type\":\"Organization\",\"@id\":\"https:\/\/www.asclassic.fr\/#organization\",\"name\":\"AS Classic Engineering - Automobile ancienne et comp\u00e9tition\",\"url\":\"https:\/\/www.asclassic.fr\/\",\"logo\":{\"@type\":\"ImageObject\",\"inLanguage\":\"fr-FR\",\"@id\":\"https:\/\/www.asclassic.fr\/#\/schema\/logo\/image\/\",\"url\":\"https:\/\/i0.wp.com\/www.asclassic.fr\/wp-content\/uploads\/2018\/02\/cropped-Sans-titre-1.png?fit=851%2C191&ssl=1\",\"contentUrl\":\"https:\/\/i0.wp.com\/www.asclassic.fr\/wp-content\/uploads\/2018\/02\/cropped-Sans-titre-1.png?fit=851%2C191&ssl=1\",\"width\":851,\"height\":191,\"caption\":\"AS Classic Engineering - Automobile ancienne et comp\u00e9tition\"},\"image\":{\"@id\":\"https:\/\/www.asclassic.fr\/#\/schema\/logo\/image\/\"}}]}<\/script>\n<!-- \/ Yoast SEO plugin. -->","yoast_head_json":{"title":"R\u00e9alisations - AS Classic Engineering - Automobile ancienne et comp\u00e9tition","robots":{"index":"index","follow":"follow","max-snippet":"max-snippet:-1","max-image-preview":"max-image-preview:large","max-video-preview":"max-video-preview:-1"},"canonical":"https:\/\/www.asclassic.fr\/index.php\/realisations\/","og_locale":"fr_FR","og_type":"article","og_title":"R\u00e9alisations - AS Classic Engineering - Automobile ancienne et comp\u00e9tition","og_description":"R\u00e9alisations AS Classic Engineering Retrouvez tous nos projets et nos derni\u00e8res r\u00e9alisations en mati\u00e8re de restaurations et de pr\u00e9parations. Nos Allemandes &#8211; Nos Anglaises &#8211; Nos Fran\u00e7aises &#8211; Nos Italiennes &#8211; Les Autres","og_url":"https:\/\/www.asclassic.fr\/index.php\/realisations\/","og_site_name":"AS Classic Engineering - Automobile ancienne et comp\u00e9tition","article_modified_time":"2018-03-07T15:28:12+00:00","og_image":[{"url":"https:\/\/www.asclassic.fr\/wp-content\/uploads\/2018\/02\/atelier_asclassic_1.jpg"}],"twitter_card":"summary_large_image","schema":{"@context":"https:\/\/schema.org","@graph":[{"@type":"WebPage","@id":"https:\/\/www.asclassic.fr\/index.php\/realisations\/","url":"https:\/\/www.asclassic.fr\/index.php\/realisations\/","name":"R\u00e9alisations - AS Classic Engineering - Automobile ancienne et comp\u00e9tition","isPartOf":{"@id":"https:\/\/www.asclassic.fr\/#website"},"datePublished":"2018-02-16T15:10:23+00:00","dateModified":"2018-03-07T15:28:12+00:00","breadcrumb":{"@id":"https:\/\/www.asclassic.fr\/index.php\/realisations\/#breadcrumb"},"inLanguage":"fr-FR","potentialAction":[{"@type":"ReadAction","target":["https:\/\/www.asclassic.fr\/index.php\/realisations\/"]}]},{"@type":"BreadcrumbList","@id":"https:\/\/www.asclassic.fr\/index.php\/realisations\/#breadcrumb","itemListElement":[{"@type":"ListItem","position":1,"name":"Accueil","item":"https:\/\/www.asclassic.fr\/"},{"@type":"ListItem","position":2,"name":"R\u00e9alisations"}]},{"@type":"WebSite","@id":"https:\/\/www.asclassic.fr\/#website","url":"https:\/\/www.asclassic.fr\/","name":"AS Classic Engineering - Automobile ancienne et comp\u00e9tition","description":"","publisher":{"@id":"https:\/\/www.asclassic.fr\/#organization"},"potentialAction":[{"@type":"SearchAction","target":{"@type":"EntryPoint","urlTemplate":"https:\/\/www.asclassic.fr\/?s={search_term_string}"},"query-input":"required name=search_term_string"}],"inLanguage":"fr-FR"},{"@type":"Organization","@id":"https:\/\/www.asclassic.fr\/#organization","name":"AS Classic Engineering - Automobile ancienne et comp\u00e9tition","url":"https:\/\/www.asclassic.fr\/","logo":{"@type":"ImageObject","inLanguage":"fr-FR","@id":"https:\/\/www.asclassic.fr\/#\/schema\/logo\/image\/","url":"https:\/\/i0.wp.com\/www.asclassic.fr\/wp-content\/uploads\/2018\/02\/cropped-Sans-titre-1.png?fit=851%2C191&ssl=1","contentUrl":"https:\/\/i0.wp.com\/www.asclassic.fr\/wp-content\/uploads\/2018\/02\/cropped-Sans-titre-1.png?fit=851%2C191&ssl=1","width":851,"height":191,"caption":"AS Classic Engineering - Automobile ancienne et comp\u00e9tition"},"image":{"@id":"https:\/\/www.asclassic.fr\/#\/schema\/logo\/image\/"}}]}},"jetpack_sharing_enabled":true,"_links":{"self":[{"href":"https:\/\/www.asclassic.fr\/index.php\/wp-json\/wp\/v2\/pages\/124"}],"collection":[{"href":"https:\/\/www.asclassic.fr\/index.php\/wp-json\/wp\/v2\/pages"}],"about":[{"href":"https:\/\/www.asclassic.fr\/index.php\/wp-json\/wp\/v2\/types\/page"}],"author":[{"embeddable":true,"href":"https:\/\/www.asclassic.fr\/index.php\/wp-json\/wp\/v2\/users\/1"}],"replies":[{"embeddable":true,"href":"https:\/\/www.asclassic.fr\/index.php\/wp-json\/wp\/v2\/comments?post=124"}],"version-history":[{"count":6,"href":"https:\/\/www.asclassic.fr\/index.php\/wp-json\/wp\/v2\/pages\/124\/revisions"}],"predecessor-version":[{"id":400,"href":"https:\/\/www.asclassic.fr\/index.php\/wp-json\/wp\/v2\/pages\/124\/revisions\/400"}],"wp:attachment":[{"href":"https:\/\/www.asclassic.fr\/index.php\/wp-json\/wp\/v2\/media?parent=124"}],"curies":[{"name":"wp","href":"https:\/\/api.w.org\/{rel}","templated":true}]}}