{"id":158,"date":"2018-02-19T09:32:32","date_gmt":"2018-02-19T08:32:32","guid":{"rendered":"https:\/\/www.asclassic.fr\/?page_id=158"},"modified":"2025-02-17T11:28:29","modified_gmt":"2025-02-17T10:28:29","slug":"news","status":"publish","type":"page","link":"https:\/\/www.asclassic.fr\/index.php\/news\/","title":{"rendered":"News"},"content":{"rendered":"<h1>D\u00e9couvrez toutes les news AS Classic au long de l&rsquo;ann\u00e9e &#8230;<\/h1>\n<h3><em>2025 &#8211; Reportage TF1 diffus\u00e9 au journal de 13H le 07\/02\/2025<\/em><\/h3>\n<div style=\"width: 640px;\" class=\"wp-video\"><!--[if lt IE 9]><script>document.createElement('video');<\/script><![endif]-->\n<video class=\"wp-video-shortcode\" id=\"video-158-1\" width=\"640\" height=\"364\" preload=\"metadata\" controls=\"controls\"><source type=\"video\/mp4\" src=\"https:\/\/www.asclassic.fr\/wp-content\/uploads\/2025\/02\/reportage-tf1-1.m4v?_=1\" \/><a href=\"https:\/\/www.asclassic.fr\/wp-content\/uploads\/2025\/02\/reportage-tf1-1.m4v\">https:\/\/www.asclassic.fr\/wp-content\/uploads\/2025\/02\/reportage-tf1-1.m4v<\/a><\/video><\/div>\n<p><em>\u00a0<\/em><\/p>\n<h3><em>\u00a02017 &#8211; News dans le magazine MODENA du <a href=\"http:\/\/www.clubmaseratifrance.com\/index.php\">Club Maserati France<\/a><\/em><\/h3>\n<p><a href=\"https:\/\/www.asclassic.fr\/index.php\/news\/retromobile-2017\/\"><img data-attachment-id=\"208\" data-permalink=\"https:\/\/www.asclassic.fr\/index.php\/news\/retromobile-2017\/\" data-orig-file=\"https:\/\/i0.wp.com\/www.asclassic.fr\/wp-content\/uploads\/2018\/02\/Retromobile-2017.jpg?fit=1319%2C844&amp;ssl=1\" data-orig-size=\"1319,844\" data-comments-opened=\"0\" data-image-meta=\"{&quot;aperture&quot;:&quot;0&quot;,&quot;credit&quot;:&quot;&quot;,&quot;camera&quot;:&quot;&quot;,&quot;caption&quot;:&quot;&quot;,&quot;created_timestamp&quot;:&quot;0&quot;,&quot;copyright&quot;:&quot;&quot;,&quot;focal_length&quot;:&quot;0&quot;,&quot;iso&quot;:&quot;0&quot;,&quot;shutter_speed&quot;:&quot;0&quot;,&quot;title&quot;:&quot;&quot;,&quot;orientation&quot;:&quot;0&quot;}\" data-image-title=\"Retromobile 2017\" data-image-description=\"\" data-image-caption=\"\" data-medium-file=\"https:\/\/i0.wp.com\/www.asclassic.fr\/wp-content\/uploads\/2018\/02\/Retromobile-2017.jpg?fit=300%2C192&amp;ssl=1\" data-large-file=\"https:\/\/i0.wp.com\/www.asclassic.fr\/wp-content\/uploads\/2018\/02\/Retromobile-2017.jpg?fit=750%2C480&amp;ssl=1\" fetchpriority=\"high\" decoding=\"async\" src=\"https:\/\/i0.wp.com\/www.asclassic.fr\/wp-content\/uploads\/2018\/02\/Retromobile-2017.jpg?resize=750%2C480&#038;ssl=1\" alt=\"\" width=\"750\" height=\"480\" class=\"alignnone wp-image-208 size-large\" srcset=\"https:\/\/i0.wp.com\/www.asclassic.fr\/wp-content\/uploads\/2018\/02\/Retromobile-2017.jpg?resize=1024%2C655&amp;ssl=1 1024w, https:\/\/i0.wp.com\/www.asclassic.fr\/wp-content\/uploads\/2018\/02\/Retromobile-2017.jpg?resize=600%2C384&amp;ssl=1 600w, https:\/\/i0.wp.com\/www.asclassic.fr\/wp-content\/uploads\/2018\/02\/Retromobile-2017.jpg?resize=300%2C192&amp;ssl=1 300w, https:\/\/i0.wp.com\/www.asclassic.fr\/wp-content\/uploads\/2018\/02\/Retromobile-2017.jpg?resize=768%2C491&amp;ssl=1 768w, https:\/\/i0.wp.com\/www.asclassic.fr\/wp-content\/uploads\/2018\/02\/Retromobile-2017.jpg?w=1319&amp;ssl=1 1319w\" sizes=\"(max-width: 750px) 100vw, 750px\" data-recalc-dims=\"1\" \/><\/a><\/p>\n<h3><em>2017 &#8211; R\u00e9alisation d&rsquo;un teaser de pr\u00e9sentation d&rsquo;une Ferrari 250 GTO entretenue \u00e0 l&rsquo;atelier &#8211;\u00a0<a href=\"http:\/\/www.theroyalracer.com\">The Royal Racer<\/a><\/em><\/h3>\n<div style=\"width: 750px;\" class=\"wp-video\"><video class=\"wp-video-shortcode\" id=\"video-158-2\" width=\"750\" height=\"422\" preload=\"metadata\" controls=\"controls\"><source type=\"video\/mp4\" src=\"https:\/\/www.asclassic.fr\/wp-content\/uploads\/2018\/02\/FerrariGTO-Teaser.mp4?_=2\" \/><a href=\"https:\/\/www.asclassic.fr\/wp-content\/uploads\/2018\/02\/FerrariGTO-Teaser.mp4\">https:\/\/www.asclassic.fr\/wp-content\/uploads\/2018\/02\/FerrariGTO-Teaser.mp4<\/a><\/video><\/div>\n","protected":false},"excerpt":{"rendered":"<p>D\u00e9couvrez toutes les news AS Classic au long de l&rsquo;ann\u00e9e &#8230; 2025 &#8211; Reportage TF1 diffus\u00e9 au journal de 13H le 07\/02\/2025 \u00a0 \u00a02017 &#8211; News dans le magazine MODENA du Club Maserati France 2017 &#8211; R\u00e9alisation d&rsquo;un teaser de pr\u00e9sentation d&rsquo;une Ferrari 250 GTO entretenue \u00e0 l&rsquo;atelier &#8211;\u00a0The Royal [&hellip;]<\/p>\n","protected":false},"author":1,"featured_media":0,"parent":0,"menu_order":0,"comment_status":"closed","ping_status":"closed","template":"","meta":{"footnotes":""},"yoast_head":"<!-- This site is optimized with the Yoast SEO plugin v21.7 - https:\/\/yoast.com\/wordpress\/plugins\/seo\/ -->\n<title>News - AS Classic Engineering - Automobile ancienne et comp\u00e9tition<\/title>\n<meta name=\"robots\" content=\"index, follow, max-snippet:-1, max-image-preview:large, max-video-preview:-1\" \/>\n<link rel=\"canonical\" href=\"https:\/\/www.asclassic.fr\/index.php\/news\/\" \/>\n<meta property=\"og:locale\" content=\"fr_FR\" \/>\n<meta property=\"og:type\" content=\"article\" \/>\n<meta property=\"og:title\" content=\"News - AS Classic Engineering - Automobile ancienne et comp\u00e9tition\" \/>\n<meta property=\"og:description\" content=\"D\u00e9couvrez toutes les news AS Classic au long de l&rsquo;ann\u00e9e &#8230; 2025 &#8211; Reportage TF1 diffus\u00e9 au journal de 13H le 07\/02\/2025 \u00a0 \u00a02017 &#8211; News dans le magazine MODENA du Club Maserati France 2017 &#8211; R\u00e9alisation d&rsquo;un teaser de pr\u00e9sentation d&rsquo;une Ferrari 250 GTO entretenue \u00e0 l&rsquo;atelier &#8211;\u00a0The Royal [&hellip;]\" \/>\n<meta property=\"og:url\" content=\"https:\/\/www.asclassic.fr\/index.php\/news\/\" \/>\n<meta property=\"og:site_name\" content=\"AS Classic Engineering - Automobile ancienne et comp\u00e9tition\" \/>\n<meta property=\"article:modified_time\" content=\"2025-02-17T10:28:29+00:00\" \/>\n<meta property=\"og:image\" content=\"https:\/\/www.asclassic.fr\/wp-content\/uploads\/2018\/02\/Retromobile-2017-1024x655.jpg\" \/>\n<meta name=\"twitter:card\" content=\"summary_large_image\" \/>\n<meta name=\"twitter:label1\" content=\"Dur\u00e9e de lecture estim\u00e9e\" \/>\n\t<meta name=\"twitter:data1\" content=\"1 minute\" \/>\n<script type=\"application\/ld+json\" class=\"yoast-schema-graph\">{\"@context\":\"https:\/\/schema.org\",\"@graph\":[{\"@type\":\"WebPage\",\"@id\":\"https:\/\/www.asclassic.fr\/index.php\/news\/\",\"url\":\"https:\/\/www.asclassic.fr\/index.php\/news\/\",\"name\":\"News - AS Classic Engineering - Automobile ancienne et comp\u00e9tition\",\"isPartOf\":{\"@id\":\"https:\/\/www.asclassic.fr\/#website\"},\"datePublished\":\"2018-02-19T08:32:32+00:00\",\"dateModified\":\"2025-02-17T10:28:29+00:00\",\"breadcrumb\":{\"@id\":\"https:\/\/www.asclassic.fr\/index.php\/news\/#breadcrumb\"},\"inLanguage\":\"fr-FR\",\"potentialAction\":[{\"@type\":\"ReadAction\",\"target\":[\"https:\/\/www.asclassic.fr\/index.php\/news\/\"]}]},{\"@type\":\"BreadcrumbList\",\"@id\":\"https:\/\/www.asclassic.fr\/index.php\/news\/#breadcrumb\",\"itemListElement\":[{\"@type\":\"ListItem\",\"position\":1,\"name\":\"Accueil\",\"item\":\"https:\/\/www.asclassic.fr\/\"},{\"@type\":\"ListItem\",\"position\":2,\"name\":\"News\"}]},{\"@type\":\"WebSite\",\"@id\":\"https:\/\/www.asclassic.fr\/#website\",\"url\":\"https:\/\/www.asclassic.fr\/\",\"name\":\"AS Classic Engineering - Automobile ancienne et comp\u00e9tition\",\"description\":\"\",\"publisher\":{\"@id\":\"https:\/\/www.asclassic.fr\/#organization\"},\"potentialAction\":[{\"@type\":\"SearchAction\",\"target\":{\"@type\":\"EntryPoint\",\"urlTemplate\":\"https:\/\/www.asclassic.fr\/?s={search_term_string}\"},\"query-input\":\"required name=search_term_string\"}],\"inLanguage\":\"fr-FR\"},{\"@type\":\"Organization\",\"@id\":\"https:\/\/www.asclassic.fr\/#organization\",\"name\":\"AS Classic Engineering - Automobile ancienne et comp\u00e9tition\",\"url\":\"https:\/\/www.asclassic.fr\/\",\"logo\":{\"@type\":\"ImageObject\",\"inLanguage\":\"fr-FR\",\"@id\":\"https:\/\/www.asclassic.fr\/#\/schema\/logo\/image\/\",\"url\":\"https:\/\/i0.wp.com\/www.asclassic.fr\/wp-content\/uploads\/2018\/02\/cropped-Sans-titre-1.png?fit=851%2C191&ssl=1\",\"contentUrl\":\"https:\/\/i0.wp.com\/www.asclassic.fr\/wp-content\/uploads\/2018\/02\/cropped-Sans-titre-1.png?fit=851%2C191&ssl=1\",\"width\":851,\"height\":191,\"caption\":\"AS Classic Engineering - Automobile ancienne et comp\u00e9tition\"},\"image\":{\"@id\":\"https:\/\/www.asclassic.fr\/#\/schema\/logo\/image\/\"}}]}<\/script>\n<!-- \/ Yoast SEO plugin. -->","yoast_head_json":{"title":"News - AS Classic Engineering - Automobile ancienne et comp\u00e9tition","robots":{"index":"index","follow":"follow","max-snippet":"max-snippet:-1","max-image-preview":"max-image-preview:large","max-video-preview":"max-video-preview:-1"},"canonical":"https:\/\/www.asclassic.fr\/index.php\/news\/","og_locale":"fr_FR","og_type":"article","og_title":"News - AS Classic Engineering - Automobile ancienne et comp\u00e9tition","og_description":"D\u00e9couvrez toutes les news AS Classic au long de l&rsquo;ann\u00e9e &#8230; 2025 &#8211; Reportage TF1 diffus\u00e9 au journal de 13H le 07\/02\/2025 \u00a0 \u00a02017 &#8211; News dans le magazine MODENA du Club Maserati France 2017 &#8211; R\u00e9alisation d&rsquo;un teaser de pr\u00e9sentation d&rsquo;une Ferrari 250 GTO entretenue \u00e0 l&rsquo;atelier &#8211;\u00a0The Royal [&hellip;]","og_url":"https:\/\/www.asclassic.fr\/index.php\/news\/","og_site_name":"AS Classic Engineering - Automobile ancienne et comp\u00e9tition","article_modified_time":"2025-02-17T10:28:29+00:00","og_image":[{"url":"https:\/\/www.asclassic.fr\/wp-content\/uploads\/2018\/02\/Retromobile-2017-1024x655.jpg"}],"twitter_card":"summary_large_image","twitter_misc":{"Dur\u00e9e de lecture estim\u00e9e":"1 minute"},"schema":{"@context":"https:\/\/schema.org","@graph":[{"@type":"WebPage","@id":"https:\/\/www.asclassic.fr\/index.php\/news\/","url":"https:\/\/www.asclassic.fr\/index.php\/news\/","name":"News - AS Classic Engineering - Automobile ancienne et comp\u00e9tition","isPartOf":{"@id":"https:\/\/www.asclassic.fr\/#website"},"datePublished":"2018-02-19T08:32:32+00:00","dateModified":"2025-02-17T10:28:29+00:00","breadcrumb":{"@id":"https:\/\/www.asclassic.fr\/index.php\/news\/#breadcrumb"},"inLanguage":"fr-FR","potentialAction":[{"@type":"ReadAction","target":["https:\/\/www.asclassic.fr\/index.php\/news\/"]}]},{"@type":"BreadcrumbList","@id":"https:\/\/www.asclassic.fr\/index.php\/news\/#breadcrumb","itemListElement":[{"@type":"ListItem","position":1,"name":"Accueil","item":"https:\/\/www.asclassic.fr\/"},{"@type":"ListItem","position":2,"name":"News"}]},{"@type":"WebSite","@id":"https:\/\/www.asclassic.fr\/#website","url":"https:\/\/www.asclassic.fr\/","name":"AS Classic Engineering - Automobile ancienne et comp\u00e9tition","description":"","publisher":{"@id":"https:\/\/www.asclassic.fr\/#organization"},"potentialAction":[{"@type":"SearchAction","target":{"@type":"EntryPoint","urlTemplate":"https:\/\/www.asclassic.fr\/?s={search_term_string}"},"query-input":"required name=search_term_string"}],"inLanguage":"fr-FR"},{"@type":"Organization","@id":"https:\/\/www.asclassic.fr\/#organization","name":"AS Classic Engineering - Automobile ancienne et comp\u00e9tition","url":"https:\/\/www.asclassic.fr\/","logo":{"@type":"ImageObject","inLanguage":"fr-FR","@id":"https:\/\/www.asclassic.fr\/#\/schema\/logo\/image\/","url":"https:\/\/i0.wp.com\/www.asclassic.fr\/wp-content\/uploads\/2018\/02\/cropped-Sans-titre-1.png?fit=851%2C191&ssl=1","contentUrl":"https:\/\/i0.wp.com\/www.asclassic.fr\/wp-content\/uploads\/2018\/02\/cropped-Sans-titre-1.png?fit=851%2C191&ssl=1","width":851,"height":191,"caption":"AS Classic Engineering - Automobile ancienne et comp\u00e9tition"},"image":{"@id":"https:\/\/www.asclassic.fr\/#\/schema\/logo\/image\/"}}]}},"jetpack_sharing_enabled":true,"_links":{"self":[{"href":"https:\/\/www.asclassic.fr\/index.php\/wp-json\/wp\/v2\/pages\/158"}],"collection":[{"href":"https:\/\/www.asclassic.fr\/index.php\/wp-json\/wp\/v2\/pages"}],"about":[{"href":"https:\/\/www.asclassic.fr\/index.php\/wp-json\/wp\/v2\/types\/page"}],"author":[{"embeddable":true,"href":"https:\/\/www.asclassic.fr\/index.php\/wp-json\/wp\/v2\/users\/1"}],"replies":[{"embeddable":true,"href":"https:\/\/www.asclassic.fr\/index.php\/wp-json\/wp\/v2\/comments?post=158"}],"version-history":[{"count":15,"href":"https:\/\/www.asclassic.fr\/index.php\/wp-json\/wp\/v2\/pages\/158\/revisions"}],"predecessor-version":[{"id":1283,"href":"https:\/\/www.asclassic.fr\/index.php\/wp-json\/wp\/v2\/pages\/158\/revisions\/1283"}],"wp:attachment":[{"href":"https:\/\/www.asclassic.fr\/index.php\/wp-json\/wp\/v2\/media?parent=158"}],"curies":[{"name":"wp","href":"https:\/\/api.w.org\/{rel}","templated":true}]}}