{"id":17,"date":"2016-01-13T12:02:36","date_gmt":"2016-01-13T11:02:36","guid":{"rendered":"http:\/\/asclassic.fr\/?page_id=17"},"modified":"2022-03-14T21:46:16","modified_gmt":"2022-03-14T20:46:16","slug":"equipe","status":"publish","type":"page","link":"https:\/\/www.asclassic.fr\/index.php\/equipe\/","title":{"rendered":"Notre Histoire"},"content":{"rendered":"<h1>AS Classic Engineering,<\/h1>\n<h5><img data-attachment-id=\"166\" data-permalink=\"https:\/\/www.asclassic.fr\/index.php\/equipe\/alexandre_surber_asclassic\/\" data-orig-file=\"https:\/\/i0.wp.com\/www.asclassic.fr\/wp-content\/uploads\/2018\/02\/alexandre_surber_asclassic-e1636740298441.jpg?fit=375%2C500&amp;ssl=1\" data-orig-size=\"375,500\" data-comments-opened=\"0\" data-image-meta=\"{&quot;aperture&quot;:&quot;0&quot;,&quot;credit&quot;:&quot;&quot;,&quot;camera&quot;:&quot;&quot;,&quot;caption&quot;:&quot;&quot;,&quot;created_timestamp&quot;:&quot;0&quot;,&quot;copyright&quot;:&quot;&quot;,&quot;focal_length&quot;:&quot;0&quot;,&quot;iso&quot;:&quot;0&quot;,&quot;shutter_speed&quot;:&quot;0&quot;,&quot;title&quot;:&quot;&quot;,&quot;orientation&quot;:&quot;1&quot;}\" data-image-title=\"alexandre_surber_asclassic\" data-image-description=\"\" data-image-caption=\"\" data-medium-file=\"https:\/\/i0.wp.com\/www.asclassic.fr\/wp-content\/uploads\/2018\/02\/alexandre_surber_asclassic-e1636740298441.jpg?fit=225%2C300&amp;ssl=1\" data-large-file=\"https:\/\/i0.wp.com\/www.asclassic.fr\/wp-content\/uploads\/2018\/02\/alexandre_surber_asclassic-e1636740298441.jpg?fit=375%2C500&amp;ssl=1\" fetchpriority=\"high\" decoding=\"async\" src=\"https:\/\/i0.wp.com\/www.asclassic.fr\/wp-content\/uploads\/2018\/02\/alexandre_surber_asclassic.jpg?resize=300%2C300&#038;ssl=1\" alt=\"\" width=\"300\" height=\"300\" class=\"size-medium wp-image-166 alignleft\" data-recalc-dims=\"1\">&nbsp;Alexandre Surber, fondateur<\/h5>\n<p>Comme on le dit souvent en France, Alexandre est tomb\u00e9 dans la marmite tout petit \u2026 La marmite de la voiture ancienne et de la comp\u00e9tition automobile. D\u00e9s son plus jeune \u00e2ge ses parents l\u2019installaient dans un couffin \u00e0 l\u2019arri\u00e8re de leur voiture ancienne et participaient \u00e0 des rallyes touristiques.<\/p>\n<p>Son p\u00e8re, Louis Surber fondateur de LBS et fabricant des Eligor, les c\u00e9l\u00e8bres miniatures automobiles fran\u00e7aises, lui a inculqu\u00e9 en partie cet amour pour la m\u00e9canique, l&rsquo;automobile et l&rsquo;artisanat.<\/p>\n<p>A 15 ans, il entame des \u00e9tudes de m\u00e9caniques auto mais il se rend vite compte qu\u2019il a peu d\u2019int\u00e9r\u00eat pour les automobiles contemporaines et pr\u00e9f\u00e8re la noblesse des moteurs d\u2019anciennes sur lesquelles il travaille les week-end avec son p\u00e8re. Apr\u00e8s 6 ann\u00e9es d\u2019\u00e9tudes il part au Mans pour une ann\u00e9e d\u2019\u00e9tude suppl\u00e9mentaire \u00e0 l\u2019Ecole de D\u00e9veloppement de V\u00e9hicules de Course. Cette \u00e9cole lui propose un stage en Angleterre et c\u2019est le point de d\u00e9part d\u2019une exp\u00e9rience unique au sein des meilleurs \u00e9tablissements sp\u00e9cialis\u00e9s notamment dans la comp\u00e9tition d\u2019automobiles anciennes.<\/p>\n<p>A l\u2019issue de ce stage en Angleterre plus long que pr\u00e9vu il int\u00e8gre pour une saison la soci\u00e9t\u00e9 Signature \u00e0 Bourges pour l\u2019\u00e9quipe qui court en F3 euroseries.<\/p>\n<p>Encore une superbe exp\u00e9rience mais le virus de l\u2019Ancienne est toujours tr\u00e8s pr\u00e9sent. A l\u2019occasion d\u2019une visite en temps que spectateur au Mans Classic en 2004 il rencontre de vieilles connaissances anglaises qui l\u2019invitent \u00e0 vivre la course de l\u2019int\u00e9rieur en donnant un coup de main \u00e0 l&rsquo;\u00e9quipe durant tout le weekend. On lui propose m\u00eame de venir travailler en Angleterre pour des soci\u00e9t\u00e9s qui cherchent les meilleurs \u2026<\/p>\n<p>Mais c\u2019est lors d\u2019une visite quelques mois plus tard du salon de Birmingham qu\u2019il se voit proposer un poste chez Guy Broad \u00e0 Coventry, le sp\u00e9cialiste europ\u00e9en de la Jaguar XK. Apr\u00e8s une ann\u00e9e il int\u00e8gre l\u2019\u00e9quipe de Martin Greaves chez Classic Performance Engineering \u00e0 Silverstone avec cette fois-ci la possibilit\u00e9 de vivre ses deux passions&nbsp;: la m\u00e9canique des anciennes et la comp\u00e9tition automobile.<\/p>\n<p>Malgr\u00e9 tout le mal du pays pointe son nez apr\u00e8s 4 ann\u00e9es pass\u00e9es au bord des circuits et dans les paddocks d&rsquo;Angleterre et d&rsquo;Europe et Alexandre revient en France. Il s\u2019installe d\u2019abord dans un local familial \u00e0 Martignat dont il est originaire puis rapidement investit un tout nouvel atelier en Novembre 2012&nbsp;; un atelier \u00e0 la hauteur de ses ambitions.<\/p>\n<p>Ainsi n\u00e9 AS Classic Engineering.<\/p>\n","protected":false},"excerpt":{"rendered":"<p>AS Classic Engineering, &nbsp;Alexandre Surber, fondateur Comme on le dit souvent en France, Alexandre est tomb\u00e9 dans la marmite tout petit \u2026 La marmite de la voiture ancienne et de la comp\u00e9tition automobile. D\u00e9s son plus jeune \u00e2ge ses parents l\u2019installaient dans un couffin \u00e0 l\u2019arri\u00e8re de leur voiture ancienne [&hellip;]<\/p>\n","protected":false},"author":1,"featured_media":0,"parent":0,"menu_order":0,"comment_status":"closed","ping_status":"closed","template":"","meta":{"footnotes":""},"yoast_head":"<!-- This site is optimized with the Yoast SEO plugin v21.7 - https:\/\/yoast.com\/wordpress\/plugins\/seo\/ -->\n<title>Notre Histoire - AS Classic Engineering - Automobile ancienne et comp\u00e9tition<\/title>\n<meta name=\"robots\" content=\"index, follow, max-snippet:-1, max-image-preview:large, max-video-preview:-1\" \/>\n<link rel=\"canonical\" href=\"https:\/\/www.asclassic.fr\/index.php\/equipe\/\" \/>\n<meta property=\"og:locale\" content=\"fr_FR\" \/>\n<meta property=\"og:type\" content=\"article\" \/>\n<meta property=\"og:title\" content=\"Notre Histoire - AS Classic Engineering - Automobile ancienne et comp\u00e9tition\" \/>\n<meta property=\"og:description\" content=\"AS Classic Engineering, &nbsp;Alexandre Surber, fondateur Comme on le dit souvent en France, Alexandre est tomb\u00e9 dans la marmite tout petit \u2026 La marmite de la voiture ancienne et de la comp\u00e9tition automobile. D\u00e9s son plus jeune \u00e2ge ses parents l\u2019installaient dans un couffin \u00e0 l\u2019arri\u00e8re de leur voiture ancienne [&hellip;]\" \/>\n<meta property=\"og:url\" content=\"https:\/\/www.asclassic.fr\/index.php\/equipe\/\" \/>\n<meta property=\"og:site_name\" content=\"AS Classic Engineering - Automobile ancienne et comp\u00e9tition\" \/>\n<meta property=\"article:modified_time\" content=\"2022-03-14T20:46:16+00:00\" \/>\n<meta property=\"og:image\" content=\"https:\/\/www.asclassic.fr\/wp-content\/uploads\/2018\/02\/alexandre_surber_asclassic-300x300.jpg\" \/>\n<meta name=\"twitter:card\" content=\"summary_large_image\" \/>\n<meta name=\"twitter:label1\" content=\"Dur\u00e9e de lecture estim\u00e9e\" \/>\n\t<meta name=\"twitter:data1\" content=\"3 minutes\" \/>\n<script type=\"application\/ld+json\" class=\"yoast-schema-graph\">{\"@context\":\"https:\/\/schema.org\",\"@graph\":[{\"@type\":\"WebPage\",\"@id\":\"https:\/\/www.asclassic.fr\/index.php\/equipe\/\",\"url\":\"https:\/\/www.asclassic.fr\/index.php\/equipe\/\",\"name\":\"Notre Histoire - AS Classic Engineering - Automobile ancienne et comp\u00e9tition\",\"isPartOf\":{\"@id\":\"https:\/\/www.asclassic.fr\/#website\"},\"datePublished\":\"2016-01-13T11:02:36+00:00\",\"dateModified\":\"2022-03-14T20:46:16+00:00\",\"breadcrumb\":{\"@id\":\"https:\/\/www.asclassic.fr\/index.php\/equipe\/#breadcrumb\"},\"inLanguage\":\"fr-FR\",\"potentialAction\":[{\"@type\":\"ReadAction\",\"target\":[\"https:\/\/www.asclassic.fr\/index.php\/equipe\/\"]}]},{\"@type\":\"BreadcrumbList\",\"@id\":\"https:\/\/www.asclassic.fr\/index.php\/equipe\/#breadcrumb\",\"itemListElement\":[{\"@type\":\"ListItem\",\"position\":1,\"name\":\"Accueil\",\"item\":\"https:\/\/www.asclassic.fr\/\"},{\"@type\":\"ListItem\",\"position\":2,\"name\":\"Notre Histoire\"}]},{\"@type\":\"WebSite\",\"@id\":\"https:\/\/www.asclassic.fr\/#website\",\"url\":\"https:\/\/www.asclassic.fr\/\",\"name\":\"AS Classic Engineering - Automobile ancienne et comp\u00e9tition\",\"description\":\"\",\"publisher\":{\"@id\":\"https:\/\/www.asclassic.fr\/#organization\"},\"potentialAction\":[{\"@type\":\"SearchAction\",\"target\":{\"@type\":\"EntryPoint\",\"urlTemplate\":\"https:\/\/www.asclassic.fr\/?s={search_term_string}\"},\"query-input\":\"required name=search_term_string\"}],\"inLanguage\":\"fr-FR\"},{\"@type\":\"Organization\",\"@id\":\"https:\/\/www.asclassic.fr\/#organization\",\"name\":\"AS Classic Engineering - Automobile ancienne et comp\u00e9tition\",\"url\":\"https:\/\/www.asclassic.fr\/\",\"logo\":{\"@type\":\"ImageObject\",\"inLanguage\":\"fr-FR\",\"@id\":\"https:\/\/www.asclassic.fr\/#\/schema\/logo\/image\/\",\"url\":\"https:\/\/i0.wp.com\/www.asclassic.fr\/wp-content\/uploads\/2018\/02\/cropped-Sans-titre-1.png?fit=851%2C191&ssl=1\",\"contentUrl\":\"https:\/\/i0.wp.com\/www.asclassic.fr\/wp-content\/uploads\/2018\/02\/cropped-Sans-titre-1.png?fit=851%2C191&ssl=1\",\"width\":851,\"height\":191,\"caption\":\"AS Classic Engineering - Automobile ancienne et comp\u00e9tition\"},\"image\":{\"@id\":\"https:\/\/www.asclassic.fr\/#\/schema\/logo\/image\/\"}}]}<\/script>\n<!-- \/ Yoast SEO plugin. -->","yoast_head_json":{"title":"Notre Histoire - AS Classic Engineering - Automobile ancienne et comp\u00e9tition","robots":{"index":"index","follow":"follow","max-snippet":"max-snippet:-1","max-image-preview":"max-image-preview:large","max-video-preview":"max-video-preview:-1"},"canonical":"https:\/\/www.asclassic.fr\/index.php\/equipe\/","og_locale":"fr_FR","og_type":"article","og_title":"Notre Histoire - AS Classic Engineering - Automobile ancienne et comp\u00e9tition","og_description":"AS Classic Engineering, &nbsp;Alexandre Surber, fondateur Comme on le dit souvent en France, Alexandre est tomb\u00e9 dans la marmite tout petit \u2026 La marmite de la voiture ancienne et de la comp\u00e9tition automobile. D\u00e9s son plus jeune \u00e2ge ses parents l\u2019installaient dans un couffin \u00e0 l\u2019arri\u00e8re de leur voiture ancienne [&hellip;]","og_url":"https:\/\/www.asclassic.fr\/index.php\/equipe\/","og_site_name":"AS Classic Engineering - Automobile ancienne et comp\u00e9tition","article_modified_time":"2022-03-14T20:46:16+00:00","og_image":[{"url":"https:\/\/www.asclassic.fr\/wp-content\/uploads\/2018\/02\/alexandre_surber_asclassic-300x300.jpg"}],"twitter_card":"summary_large_image","twitter_misc":{"Dur\u00e9e de lecture estim\u00e9e":"3 minutes"},"schema":{"@context":"https:\/\/schema.org","@graph":[{"@type":"WebPage","@id":"https:\/\/www.asclassic.fr\/index.php\/equipe\/","url":"https:\/\/www.asclassic.fr\/index.php\/equipe\/","name":"Notre Histoire - AS Classic Engineering - Automobile ancienne et comp\u00e9tition","isPartOf":{"@id":"https:\/\/www.asclassic.fr\/#website"},"datePublished":"2016-01-13T11:02:36+00:00","dateModified":"2022-03-14T20:46:16+00:00","breadcrumb":{"@id":"https:\/\/www.asclassic.fr\/index.php\/equipe\/#breadcrumb"},"inLanguage":"fr-FR","potentialAction":[{"@type":"ReadAction","target":["https:\/\/www.asclassic.fr\/index.php\/equipe\/"]}]},{"@type":"BreadcrumbList","@id":"https:\/\/www.asclassic.fr\/index.php\/equipe\/#breadcrumb","itemListElement":[{"@type":"ListItem","position":1,"name":"Accueil","item":"https:\/\/www.asclassic.fr\/"},{"@type":"ListItem","position":2,"name":"Notre Histoire"}]},{"@type":"WebSite","@id":"https:\/\/www.asclassic.fr\/#website","url":"https:\/\/www.asclassic.fr\/","name":"AS Classic Engineering - Automobile ancienne et comp\u00e9tition","description":"","publisher":{"@id":"https:\/\/www.asclassic.fr\/#organization"},"potentialAction":[{"@type":"SearchAction","target":{"@type":"EntryPoint","urlTemplate":"https:\/\/www.asclassic.fr\/?s={search_term_string}"},"query-input":"required name=search_term_string"}],"inLanguage":"fr-FR"},{"@type":"Organization","@id":"https:\/\/www.asclassic.fr\/#organization","name":"AS Classic Engineering - Automobile ancienne et comp\u00e9tition","url":"https:\/\/www.asclassic.fr\/","logo":{"@type":"ImageObject","inLanguage":"fr-FR","@id":"https:\/\/www.asclassic.fr\/#\/schema\/logo\/image\/","url":"https:\/\/i0.wp.com\/www.asclassic.fr\/wp-content\/uploads\/2018\/02\/cropped-Sans-titre-1.png?fit=851%2C191&ssl=1","contentUrl":"https:\/\/i0.wp.com\/www.asclassic.fr\/wp-content\/uploads\/2018\/02\/cropped-Sans-titre-1.png?fit=851%2C191&ssl=1","width":851,"height":191,"caption":"AS Classic Engineering - Automobile ancienne et comp\u00e9tition"},"image":{"@id":"https:\/\/www.asclassic.fr\/#\/schema\/logo\/image\/"}}]}},"jetpack_sharing_enabled":true,"_links":{"self":[{"href":"https:\/\/www.asclassic.fr\/index.php\/wp-json\/wp\/v2\/pages\/17"}],"collection":[{"href":"https:\/\/www.asclassic.fr\/index.php\/wp-json\/wp\/v2\/pages"}],"about":[{"href":"https:\/\/www.asclassic.fr\/index.php\/wp-json\/wp\/v2\/types\/page"}],"author":[{"embeddable":true,"href":"https:\/\/www.asclassic.fr\/index.php\/wp-json\/wp\/v2\/users\/1"}],"replies":[{"embeddable":true,"href":"https:\/\/www.asclassic.fr\/index.php\/wp-json\/wp\/v2\/comments?post=17"}],"version-history":[{"count":26,"href":"https:\/\/www.asclassic.fr\/index.php\/wp-json\/wp\/v2\/pages\/17\/revisions"}],"predecessor-version":[{"id":1050,"href":"https:\/\/www.asclassic.fr\/index.php\/wp-json\/wp\/v2\/pages\/17\/revisions\/1050"}],"wp:attachment":[{"href":"https:\/\/www.asclassic.fr\/index.php\/wp-json\/wp\/v2\/media?parent=17"}],"curies":[{"name":"wp","href":"https:\/\/api.w.org\/{rel}","templated":true}]}}